{"id":13,"date":"2026-04-02T12:28:43","date_gmt":"2026-04-02T12:28:43","guid":{"rendered":"http:\/\/bamp34.net\/?page_id=13"},"modified":"2026-04-02T12:28:43","modified_gmt":"2026-04-02T12:28:43","slug":"remboursements_retours","status":"publish","type":"page","link":"https:\/\/bamp34.net\/index.php\/remboursements_retours\/","title":{"rendered":"Politique en mati\u00e8re de livraison et de retours"},"content":{"rendered":"\n<p><\/p>\n\n\n\n<h2 class=\"wp-block-heading\">Exp\u00e9dition et retour<\/h2>\n\n\n\n<h2 class=\"wp-block-heading\"><\/h2>\n\n\n\n<p>Les colis sont g\u00e9n\u00e9ralement exp\u00e9di\u00e9s dans un d\u00e9lai de 2 jours apr\u00e8s r\u00e9ception du paiement. Ils sont exp\u00e9di\u00e9s via relais colis ou similaire avec un num\u00e9ro de suivi et remis sans signature.&nbsp; Veuillez nous contacter avant de choisir ce mode de livraison, car il induit des frais suppl\u00e9mentaires. Quel que soit le mode de livraison choisi, nous vous envoyons un lien pour suivre votre colis en ligne.<\/p>\n\n\n\n<p>Les frais d&#8217;exp\u00e9dition incluent les frais de pr\u00e9paration et d&#8217;emballage ainsi que les frais de port. Les frais de pr\u00e9paration sont fixes, tandis que les frais de transport varient selon le poids total du colis. Nous vous recommandons de regrouper tous vos articles dans une seule commande. Nous ne pouvons regrouper deux commandes plac\u00e9es s\u00e9par\u00e9ment et des frais d&#8217;exp\u00e9dition s&#8217;appliquent \u00e0 chacune d&#8217;entre elles. Votre colis est exp\u00e9di\u00e9 \u00e0 vos propres risques, mais une attention particuli\u00e8re est port\u00e9e aux objets fragiles.<br><br>Les dimensions des sacs&nbsp; souples de transport sont appropri\u00e9es et vos articles sont correctement prot\u00e9g\u00e9s.<\/p>\n\n\n\n<p><\/p>\n","protected":false},"excerpt":{"rendered":"<p>Exp\u00e9dition et retour Les colis sont g\u00e9n\u00e9ralement exp\u00e9di\u00e9s dans un d\u00e9lai de 2 jours apr\u00e8s r\u00e9ception du paiement. Ils sont exp\u00e9di\u00e9s via relais colis ou similaire avec un num\u00e9ro de suivi et remis sans signature.&nbsp; Veuillez nous contacter avant de choisir ce mode de livraison, car il induit des frais suppl\u00e9mentaires. Quel que soit le&hellip;<\/p>\n","protected":false},"author":1,"featured_media":0,"parent":0,"menu_order":0,"comment_status":"closed","ping_status":"closed","template":"","meta":{"advanced_seo_description":"","jetpack_seo_html_title":"","jetpack_seo_noindex":false,"footnotes":""},"class_list":["post-13","page","type-page","status-publish","hentry"],"jetpack_sharing_enabled":true,"_links":{"self":[{"href":"https:\/\/bamp34.net\/index.php\/wp-json\/wp\/v2\/pages\/13","targetHints":{"allow":["GET"]}}],"collection":[{"href":"https:\/\/bamp34.net\/index.php\/wp-json\/wp\/v2\/pages"}],"about":[{"href":"https:\/\/bamp34.net\/index.php\/wp-json\/wp\/v2\/types\/page"}],"author":[{"embeddable":true,"href":"https:\/\/bamp34.net\/index.php\/wp-json\/wp\/v2\/users\/1"}],"replies":[{"embeddable":true,"href":"https:\/\/bamp34.net\/index.php\/wp-json\/wp\/v2\/comments?post=13"}],"version-history":[{"count":2,"href":"https:\/\/bamp34.net\/index.php\/wp-json\/wp\/v2\/pages\/13\/revisions"}],"predecessor-version":[{"id":298,"href":"https:\/\/bamp34.net\/index.php\/wp-json\/wp\/v2\/pages\/13\/revisions\/298"}],"wp:attachment":[{"href":"https:\/\/bamp34.net\/index.php\/wp-json\/wp\/v2\/media?parent=13"}],"curies":[{"name":"wp","href":"https:\/\/api.w.org\/{rel}","templated":true}]}}