{"id":2,"date":"2026-02-15T13:37:23","date_gmt":"2026-02-15T13:37:23","guid":{"rendered":"http:\/\/bamp34.net\/?page_id=2"},"modified":"2026-04-02T12:33:16","modified_gmt":"2026-04-02T12:33:16","slug":"sample-page","status":"publish","type":"page","link":"https:\/\/bamp34.net\/index.php\/sample-page\/","title":{"rendered":"MENTIONS LEGALES"},"content":{"rendered":"\n<pre class=\"wp-block-preformatted\"><br><em>MENTIONS L\u00c9GALES<br>1. Identification de l'\u00e9diteur<br>Nom du site : bamp34.net<br>Adresse du si\u00e8ge social : 15, rue Argence 34500 B\u00e9ziers<br>T\u00e9l\u00e9phone : 06.04.51.34.79<br>Adresse e-mail : service.client@bamp34.fr<br><br>Repr\u00e9sentant l\u00e9gal et Directeur de la publication : ALEXANDRE ROUSSELOT<\/em><br><em><br>2. H\u00e9bergement<br>Nom de l'h\u00e9bergeur : OVH CLOUD<br>Raison sociale de l'h\u00e9bergeur : 2 RUE KELLERMANN 59100 ROUBAIX<br>T\u00e9l\u00e9phone de l'h\u00e9bergeur : NC<br><br>3. Propri\u00e9t\u00e9 intellectuelle<br>Le site Internet bamp34.net (incluant son contenu, notamment textes, images, graphiques, logos, ic\u00f4nes, sons, logiciels) est la propri\u00e9t\u00e9 exclusive d' Alexandre Rousselot, \u00e0 l'exception des marques, logos ou contenus appartenant \u00e0 d'autres soci\u00e9t\u00e9s partenaires ou d'auteurs. Toute reproduction, repr\u00e9sentation, modification, publication, adaptation de tout ou partie des \u00e9l\u00e9ments du site, quel que soit le moyen ou le proc\u00e9d\u00e9 utilis\u00e9, est interdite, sauf autorisation \u00e9crite pr\u00e9alable d'Alexandre Rousselot.<br><br>4. Protection des donn\u00e9es personnelles<br> bamp34.net s'engage \u00e0 ce que la collecte et le traitement de vos donn\u00e9es, effectu\u00e9s \u00e0 partir du site \"bamp34.net\", soient conformes au R\u00e8glement G\u00e9n\u00e9ral sur la Protection des Donn\u00e9es (RGPD) et \u00e0 la loi Informatique et Libert\u00e9s. Pour toute information ou pour exercer vos droits sur les traitements de donn\u00e9es personnelles, veuillez consulter notre [lien vers la politique de confidentialit\u00e9].<br>5. Liens hypertextes<br>Le site bamp34.net peut contenir des liens hypertextes vers d'autres sites. Cependant,  bamp34.net n'a pas la possibilit\u00e9 de v\u00e9rifier le contenu des sites ainsi visit\u00e9s, et n'assumera en cons\u00e9quence aucune responsabilit\u00e9 de ce fait.<\/em><\/pre>\n\n\n\n<p><\/p>\n","protected":false},"excerpt":{"rendered":"<p>MENTIONS L\u00c9GALES1. Identification de l&#8217;\u00e9diteurNom du site : bamp34.netAdresse du si\u00e8ge social : 15, rue Argence 34500 B\u00e9ziersT\u00e9l\u00e9phone : 06.04.51.34.79Adresse e-mail : service.client@bamp34.frRepr\u00e9sentant l\u00e9gal et Directeur de la publication : ALEXANDRE ROUSSELOT2. H\u00e9bergementNom de l&#8217;h\u00e9bergeur : OVH CLOUDRaison sociale de l&#8217;h\u00e9bergeur : 2 RUE KELLERMANN 59100 ROUBAIXT\u00e9l\u00e9phone de l&#8217;h\u00e9bergeur : NC3. Propri\u00e9t\u00e9 intellectuelleLe site Internet&hellip;<\/p>\n","protected":false},"author":1,"featured_media":0,"parent":0,"menu_order":0,"comment_status":"closed","ping_status":"open","template":"","meta":{"advanced_seo_description":"","jetpack_seo_html_title":"","jetpack_seo_noindex":false,"footnotes":""},"class_list":["post-2","page","type-page","status-publish","hentry"],"jetpack_sharing_enabled":true,"_links":{"self":[{"href":"https:\/\/bamp34.net\/index.php\/wp-json\/wp\/v2\/pages\/2","targetHints":{"allow":["GET"]}}],"collection":[{"href":"https:\/\/bamp34.net\/index.php\/wp-json\/wp\/v2\/pages"}],"about":[{"href":"https:\/\/bamp34.net\/index.php\/wp-json\/wp\/v2\/types\/page"}],"author":[{"embeddable":true,"href":"https:\/\/bamp34.net\/index.php\/wp-json\/wp\/v2\/users\/1"}],"replies":[{"embeddable":true,"href":"https:\/\/bamp34.net\/index.php\/wp-json\/wp\/v2\/comments?post=2"}],"version-history":[{"count":3,"href":"https:\/\/bamp34.net\/index.php\/wp-json\/wp\/v2\/pages\/2\/revisions"}],"predecessor-version":[{"id":302,"href":"https:\/\/bamp34.net\/index.php\/wp-json\/wp\/v2\/pages\/2\/revisions\/302"}],"wp:attachment":[{"href":"https:\/\/bamp34.net\/index.php\/wp-json\/wp\/v2\/media?parent=2"}],"curies":[{"name":"wp","href":"https:\/\/api.w.org\/{rel}","templated":true}]}}