{"id":306,"date":"2026-04-02T12:41:09","date_gmt":"2026-04-02T12:41:09","guid":{"rendered":"https:\/\/bamp34.net\/?page_id=306"},"modified":"2026-04-02T12:43:44","modified_gmt":"2026-04-02T12:43:44","slug":"a-propos","status":"publish","type":"page","link":"https:\/\/bamp34.net\/index.php\/a-propos\/","title":{"rendered":"A propos"},"content":{"rendered":"\t\t<div data-elementor-type=\"wp-page\" data-elementor-id=\"306\" class=\"elementor elementor-306\">\n\t\t\t\t<div class=\"elementor-element elementor-element-3eef8dcb e-flex e-con-boxed e-con e-parent\" data-id=\"3eef8dcb\" data-element_type=\"container\" data-e-type=\"container\">\n\t\t\t\t\t<div class=\"e-con-inner\">\n\t\t\t\t<div class=\"elementor-element elementor-element-259086d5 elementor-widget elementor-widget-text-editor\" data-id=\"259086d5\" data-element_type=\"widget\" data-e-type=\"widget\" data-widget_type=\"text-editor.default\">\n\t\t\t\t\t\t\t\t\t\n<h2 class=\"wp-block-heading\">Paiement s\u00e9curis\u00e9<\/h2>\n\n\n\n<h3 class=\"wp-block-heading\">Notre paiement s\u00e9curis\u00e9<\/h3>\n\n\n\n<p>Avec SSL<\/p>\n\n\n\n<h3 class=\"wp-block-heading\">Avec Visa\/Mastercard\/Paypal<\/h3>\n\n\n\n<p>Vous pouvez r\u00e9gler vos achats par carte bancaire, en utilisant les services Paypal , m\u00e9me sans avoir de compte paypal.<\/p>\n\t\t\t\t\t\t\t\t<\/div>\n\t\t\t\t\t<\/div>\n\t\t\t\t<\/div>\n\t\t<div class=\"elementor-element elementor-element-2b9f34f e-flex e-con-boxed e-con e-parent\" data-id=\"2b9f34f\" data-element_type=\"container\" data-e-type=\"container\">\n\t\t\t\t\t<div class=\"e-con-inner\">\n\t\t\t\t<div class=\"elementor-element elementor-element-d1ae2da elementor-widget elementor-widget-text-editor\" data-id=\"d1ae2da\" data-element_type=\"widget\" data-e-type=\"widget\" data-widget_type=\"text-editor.default\">\n\t\t\t\t\t\t\t\t\t<p>A PROPOS DE NOUS.<\/p>\n<p>BAMP C EST :<\/p><p><span style=\"font-family: Manrope, sans-serif; font-size: 0.9375rem; font-variant-ligatures: normal; text-align: justify;\">Entreprise familiale<\/span><\/p><p style=\"text-rendering: optimizelegibility; -webkit-font-smoothing: antialiased; box-sizing: inherit; margin-bottom: 1rem; font-size: 0.9375rem; font-family: Manrope, sans-serif; font-variant-ligatures: normal; text-align: justify;\">Notre \u00e9quipe<\/p><p style=\"text-rendering: optimizelegibility; -webkit-font-smoothing: antialiased; box-sizing: inherit; margin-bottom: 1rem; font-size: 0.9375rem; font-family: Manrope, sans-serif; font-variant-ligatures: normal; text-align: justify;\"><\/p><p style=\"text-rendering: optimizelegibility; -webkit-font-smoothing: antialiased; box-sizing: inherit; margin-bottom: 1rem; font-size: 0.9375rem; font-family: Manrope, sans-serif; font-variant-ligatures: normal; text-align: justify;\"><span style=\"text-rendering: optimizelegibility; -webkit-font-smoothing: antialiased; box-sizing: inherit; color: rgb(238, 0, 0);\">B<\/span>enjamin<\/p><p style=\"text-rendering: optimizelegibility; -webkit-font-smoothing: antialiased; box-sizing: inherit; margin-bottom: 1rem; font-size: 0.9375rem; font-family: Manrope, sans-serif; font-variant-ligatures: normal; text-align: justify;\"><\/p><p style=\"text-rendering: optimizelegibility; -webkit-font-smoothing: antialiased; box-sizing: inherit; margin-bottom: 1rem; font-size: 0.9375rem; font-family: Manrope, sans-serif; font-variant-ligatures: normal; text-align: justify;\"><span style=\"text-rendering: optimizelegibility; -webkit-font-smoothing: antialiased; box-sizing: inherit; color: rgb(238, 0, 0);\">A<\/span>lexandre<\/p><p style=\"text-rendering: optimizelegibility; -webkit-font-smoothing: antialiased; box-sizing: inherit; margin-bottom: 1rem; font-size: 0.9375rem; font-family: Manrope, sans-serif; font-variant-ligatures: normal; text-align: justify;\"><\/p><p style=\"text-rendering: optimizelegibility; -webkit-font-smoothing: antialiased; box-sizing: inherit; margin-bottom: 1rem; font-size: 0.9375rem; font-family: Manrope, sans-serif; font-variant-ligatures: normal; text-align: justify;\"><span style=\"text-rendering: optimizelegibility; -webkit-font-smoothing: antialiased; box-sizing: inherit; color: rgb(238, 0, 0);\">M<\/span>agali<\/p><p style=\"text-rendering: optimizelegibility; -webkit-font-smoothing: antialiased; box-sizing: inherit; margin-bottom: 1rem; font-size: 0.9375rem; font-family: Manrope, sans-serif; font-variant-ligatures: normal; text-align: justify;\"><\/p><p style=\"text-rendering: optimizelegibility; -webkit-font-smoothing: antialiased; box-sizing: inherit; margin-bottom: 1rem; font-size: 0.9375rem; font-family: Manrope, sans-serif; font-variant-ligatures: normal; text-align: justify;\"><span style=\"text-rendering: optimizelegibility; -webkit-font-smoothing: antialiased; box-sizing: inherit; color: rgb(238, 0, 0);\">P<\/span>hilippe<\/p>\t\t\t\t\t\t\t\t<\/div>\n\t\t\t\t\t<\/div>\n\t\t\t\t<\/div>\n\t\t\t\t<\/div>\n\t\t","protected":false},"excerpt":{"rendered":"<p>Paiement s\u00e9curis\u00e9 Notre paiement s\u00e9curis\u00e9 Avec SSL Avec Visa\/Mastercard\/Paypal Vous pouvez r\u00e9gler vos achats par carte bancaire, en utilisant les services Paypal , m\u00e9me sans avoir de compte paypal. A PROPOS DE NOUS. BAMP C EST : Entreprise familiale Notre \u00e9quipe Benjamin Alexandre Magali Philippe<\/p>\n","protected":false},"author":2,"featured_media":0,"parent":0,"menu_order":0,"comment_status":"closed","ping_status":"closed","template":"","meta":{"advanced_seo_description":"","jetpack_seo_html_title":"","jetpack_seo_noindex":false,"footnotes":""},"class_list":["post-306","page","type-page","status-publish","hentry"],"jetpack_sharing_enabled":true,"_links":{"self":[{"href":"https:\/\/bamp34.net\/index.php\/wp-json\/wp\/v2\/pages\/306","targetHints":{"allow":["GET"]}}],"collection":[{"href":"https:\/\/bamp34.net\/index.php\/wp-json\/wp\/v2\/pages"}],"about":[{"href":"https:\/\/bamp34.net\/index.php\/wp-json\/wp\/v2\/types\/page"}],"author":[{"embeddable":true,"href":"https:\/\/bamp34.net\/index.php\/wp-json\/wp\/v2\/users\/2"}],"replies":[{"embeddable":true,"href":"https:\/\/bamp34.net\/index.php\/wp-json\/wp\/v2\/comments?post=306"}],"version-history":[{"count":3,"href":"https:\/\/bamp34.net\/index.php\/wp-json\/wp\/v2\/pages\/306\/revisions"}],"predecessor-version":[{"id":309,"href":"https:\/\/bamp34.net\/index.php\/wp-json\/wp\/v2\/pages\/306\/revisions\/309"}],"wp:attachment":[{"href":"https:\/\/bamp34.net\/index.php\/wp-json\/wp\/v2\/media?parent=306"}],"curies":[{"name":"wp","href":"https:\/\/api.w.org\/{rel}","templated":true}]}}