{"id":144,"date":"2026-03-28T21:43:32","date_gmt":"2026-03-28T21:43:32","guid":{"rendered":"https:\/\/bamp34.net\/?post_type=product&#038;p=144"},"modified":"2026-04-01T12:10:33","modified_gmt":"2026-04-01T12:10:33","slug":"jeans-bleu-levis","status":"publish","type":"product","link":"https:\/\/bamp34.net\/index.php\/produit\/jeans-bleu-levis\/","title":{"rendered":"JEANS BLEU KIABI"},"content":{"rendered":"<p>JEANS BLEU KIABI, wide leg , taille 42, jambes tr\u00e8s larges en bas type patte d&#8217;\u00e9l\u00e9phant.<\/p>\n<p><img fetchpriority=\"high\" decoding=\"async\" class=\"alignnone size-medium wp-image-114\" src=\"http:\/\/bamp34.net\/wp-content\/uploads\/2026\/03\/P1030164_DxO-300x289.jpg\" alt=\"\" width=\"300\" height=\"289\" srcset=\"https:\/\/bamp34.net\/wp-content\/uploads\/2026\/03\/P1030164_DxO-300x289.jpg 300w, https:\/\/bamp34.net\/wp-content\/uploads\/2026\/03\/P1030164_DxO-1024x986.jpg 1024w, https:\/\/bamp34.net\/wp-content\/uploads\/2026\/03\/P1030164_DxO-768x739.jpg 768w, https:\/\/bamp34.net\/wp-content\/uploads\/2026\/03\/P1030164_DxO-1536x1479.jpg 1536w, https:\/\/bamp34.net\/wp-content\/uploads\/2026\/03\/P1030164_DxO-2048x1971.jpg 2048w, https:\/\/bamp34.net\/wp-content\/uploads\/2026\/03\/P1030164_DxO-600x578.jpg 600w\" sizes=\"(max-width: 300px) 100vw, 300px\" \/> <img decoding=\"async\" class=\"alignnone size-medium wp-image-113\" src=\"http:\/\/bamp34.net\/wp-content\/uploads\/2026\/03\/P1030163_DxO-300x169.jpg\" alt=\"\" width=\"300\" height=\"169\" srcset=\"https:\/\/bamp34.net\/wp-content\/uploads\/2026\/03\/P1030163_DxO-300x169.jpg 300w, https:\/\/bamp34.net\/wp-content\/uploads\/2026\/03\/P1030163_DxO-1024x576.jpg 1024w, https:\/\/bamp34.net\/wp-content\/uploads\/2026\/03\/P1030163_DxO-768x432.jpg 768w, https:\/\/bamp34.net\/wp-content\/uploads\/2026\/03\/P1030163_DxO-1536x864.jpg 1536w, https:\/\/bamp34.net\/wp-content\/uploads\/2026\/03\/P1030163_DxO-2048x1152.jpg 2048w, https:\/\/bamp34.net\/wp-content\/uploads\/2026\/03\/P1030163_DxO-600x338.jpg 600w\" sizes=\"(max-width: 300px) 100vw, 300px\" \/> <img decoding=\"async\" class=\"alignnone size-medium wp-image-116\" src=\"http:\/\/bamp34.net\/wp-content\/uploads\/2026\/03\/P1030166_DxO-300x169.jpg\" alt=\"\" width=\"300\" height=\"169\" srcset=\"https:\/\/bamp34.net\/wp-content\/uploads\/2026\/03\/P1030166_DxO-300x169.jpg 300w, https:\/\/bamp34.net\/wp-content\/uploads\/2026\/03\/P1030166_DxO-1024x576.jpg 1024w, https:\/\/bamp34.net\/wp-content\/uploads\/2026\/03\/P1030166_DxO-768x432.jpg 768w, https:\/\/bamp34.net\/wp-content\/uploads\/2026\/03\/P1030166_DxO-1536x864.jpg 1536w, https:\/\/bamp34.net\/wp-content\/uploads\/2026\/03\/P1030166_DxO-2048x1152.jpg 2048w, https:\/\/bamp34.net\/wp-content\/uploads\/2026\/03\/P1030166_DxO-600x338.jpg 600w\" sizes=\"(max-width: 300px) 100vw, 300px\" \/> <img loading=\"lazy\" decoding=\"async\" class=\"alignnone size-medium wp-image-117\" src=\"http:\/\/bamp34.net\/wp-content\/uploads\/2026\/03\/P1030167_DxO-300x169.jpg\" alt=\"\" width=\"300\" height=\"169\" srcset=\"https:\/\/bamp34.net\/wp-content\/uploads\/2026\/03\/P1030167_DxO-300x169.jpg 300w, https:\/\/bamp34.net\/wp-content\/uploads\/2026\/03\/P1030167_DxO-1024x576.jpg 1024w, https:\/\/bamp34.net\/wp-content\/uploads\/2026\/03\/P1030167_DxO-768x432.jpg 768w, https:\/\/bamp34.net\/wp-content\/uploads\/2026\/03\/P1030167_DxO-1536x864.jpg 1536w, https:\/\/bamp34.net\/wp-content\/uploads\/2026\/03\/P1030167_DxO-2048x1152.jpg 2048w, https:\/\/bamp34.net\/wp-content\/uploads\/2026\/03\/P1030167_DxO-600x338.jpg 600w\" sizes=\"(max-width: 300px) 100vw, 300px\" \/><img loading=\"lazy\" decoding=\"async\" class=\"alignnone size-medium wp-image-115\" src=\"http:\/\/bamp34.net\/wp-content\/uploads\/2026\/03\/P1030165_DxO-300x169.jpg\" alt=\"\" width=\"300\" height=\"169\" srcset=\"https:\/\/bamp34.net\/wp-content\/uploads\/2026\/03\/P1030165_DxO-300x169.jpg 300w, https:\/\/bamp34.net\/wp-content\/uploads\/2026\/03\/P1030165_DxO-1024x576.jpg 1024w, https:\/\/bamp34.net\/wp-content\/uploads\/2026\/03\/P1030165_DxO-768x432.jpg 768w, https:\/\/bamp34.net\/wp-content\/uploads\/2026\/03\/P1030165_DxO-1536x864.jpg 1536w, https:\/\/bamp34.net\/wp-content\/uploads\/2026\/03\/P1030165_DxO-2048x1152.jpg 2048w, https:\/\/bamp34.net\/wp-content\/uploads\/2026\/03\/P1030165_DxO-600x337.jpg 600w\" sizes=\"(max-width: 300px) 100vw, 300px\" \/><\/p>\n<p>&nbsp;<\/p>\n","protected":false},"excerpt":{"rendered":"<p>JEANS BLEU KIABI, wide leg , taille 42, jambes tr\u00e8s larges en bas type patte d&#8217;\u00e9l\u00e9phant. &nbsp;<\/p>\n","protected":false},"featured_media":111,"template":"","meta":{"advanced_seo_description":"","jetpack_seo_html_title":"","jetpack_seo_noindex":false},"product_brand":[32],"product_cat":[41,19],"product_tag":[44,40],"class_list":{"0":"post-144","1":"product","2":"type-product","3":"status-publish","4":"has-post-thumbnail","6":"product_brand-bamp34","7":"product_cat-bamp34","8":"product_cat-femme","9":"product_tag-c-14-15","10":"product_tag-taille-42","12":"first","13":"outofstock","14":"featured","15":"sold-individually","16":"shipping-taxable","17":"purchasable","18":"product-type-simple"},"jetpack_sharing_enabled":true,"_links":{"self":[{"href":"https:\/\/bamp34.net\/index.php\/wp-json\/wp\/v2\/product\/144","targetHints":{"allow":["GET"]}}],"collection":[{"href":"https:\/\/bamp34.net\/index.php\/wp-json\/wp\/v2\/product"}],"about":[{"href":"https:\/\/bamp34.net\/index.php\/wp-json\/wp\/v2\/types\/product"}],"wp:featuredmedia":[{"embeddable":true,"href":"https:\/\/bamp34.net\/index.php\/wp-json\/wp\/v2\/media\/111"}],"wp:attachment":[{"href":"https:\/\/bamp34.net\/index.php\/wp-json\/wp\/v2\/media?parent=144"}],"wp:term":[{"taxonomy":"product_brand","embeddable":true,"href":"https:\/\/bamp34.net\/index.php\/wp-json\/wp\/v2\/product_brand?post=144"},{"taxonomy":"product_cat","embeddable":true,"href":"https:\/\/bamp34.net\/index.php\/wp-json\/wp\/v2\/product_cat?post=144"},{"taxonomy":"product_tag","embeddable":true,"href":"https:\/\/bamp34.net\/index.php\/wp-json\/wp\/v2\/product_tag?post=144"}],"curies":[{"name":"wp","href":"https:\/\/api.w.org\/{rel}","templated":true}]}}