{"id":17,"date":"2026-02-15T14:05:49","date_gmt":"2026-02-15T14:05:49","guid":{"rendered":"http:\/\/bamp34.net\/?post_type=product&#038;p=17"},"modified":"2026-03-29T14:55:11","modified_gmt":"2026-03-29T14:55:11","slug":"sac-a-main","status":"publish","type":"product","link":"https:\/\/bamp34.net\/index.php\/produit\/sac-a-main\/","title":{"rendered":"Sac \u00e0 main"},"content":{"rendered":"<p><img fetchpriority=\"high\" decoding=\"async\" class=\"alignnone size-medium wp-image-18\" src=\"http:\/\/bamp34.net\/wp-content\/uploads\/2026\/02\/P1030055_DxO-280x300.jpg\" alt=\"\" width=\"280\" height=\"300\" srcset=\"https:\/\/bamp34.net\/wp-content\/uploads\/2026\/02\/P1030055_DxO-280x300.jpg 280w, https:\/\/bamp34.net\/wp-content\/uploads\/2026\/02\/P1030055_DxO-600x643.jpg 600w, https:\/\/bamp34.net\/wp-content\/uploads\/2026\/02\/P1030055_DxO-955x1024.jpg 955w, https:\/\/bamp34.net\/wp-content\/uploads\/2026\/02\/P1030055_DxO-768x823.jpg 768w, https:\/\/bamp34.net\/wp-content\/uploads\/2026\/02\/P1030055_DxO-1320x1415.jpg 1320w, https:\/\/bamp34.net\/wp-content\/uploads\/2026\/02\/P1030055_DxO.jpg 1322w\" sizes=\"(max-width: 280px) 100vw, 280px\" \/> <img decoding=\"async\" class=\"alignnone size-medium wp-image-19\" src=\"http:\/\/bamp34.net\/wp-content\/uploads\/2026\/02\/P1030056_DxO-300x169.jpg\" alt=\"\" width=\"300\" height=\"169\" srcset=\"https:\/\/bamp34.net\/wp-content\/uploads\/2026\/02\/P1030056_DxO-300x169.jpg 300w, https:\/\/bamp34.net\/wp-content\/uploads\/2026\/02\/P1030056_DxO-600x337.jpg 600w, https:\/\/bamp34.net\/wp-content\/uploads\/2026\/02\/P1030056_DxO-1024x576.jpg 1024w, https:\/\/bamp34.net\/wp-content\/uploads\/2026\/02\/P1030056_DxO-768x432.jpg 768w, https:\/\/bamp34.net\/wp-content\/uploads\/2026\/02\/P1030056_DxO-1320x742.jpg 1320w, https:\/\/bamp34.net\/wp-content\/uploads\/2026\/02\/P1030056_DxO.jpg 1417w\" sizes=\"(max-width: 300px) 100vw, 300px\" \/> <img decoding=\"async\" class=\"alignnone size-medium wp-image-20\" src=\"http:\/\/bamp34.net\/wp-content\/uploads\/2026\/02\/P1030057_DxO-282x300.jpg\" alt=\"\" width=\"282\" height=\"300\" \/> <img loading=\"lazy\" decoding=\"async\" class=\"alignnone size-medium wp-image-21\" src=\"http:\/\/bamp34.net\/wp-content\/uploads\/2026\/02\/P1030058_DxO-300x169.jpg\" alt=\"\" width=\"300\" height=\"169\" srcset=\"https:\/\/bamp34.net\/wp-content\/uploads\/2026\/02\/P1030058_DxO-300x169.jpg 300w, https:\/\/bamp34.net\/wp-content\/uploads\/2026\/02\/P1030058_DxO-600x337.jpg 600w, https:\/\/bamp34.net\/wp-content\/uploads\/2026\/02\/P1030058_DxO-1024x576.jpg 1024w, https:\/\/bamp34.net\/wp-content\/uploads\/2026\/02\/P1030058_DxO-768x432.jpg 768w, https:\/\/bamp34.net\/wp-content\/uploads\/2026\/02\/P1030058_DxO-1320x742.jpg 1320w, https:\/\/bamp34.net\/wp-content\/uploads\/2026\/02\/P1030058_DxO.jpg 1417w\" sizes=\"(max-width: 300px) 100vw, 300px\" \/><\/p>\n<p>Livr\u00e9 avec une bandouli\u00e8re \u00e0 la couleur du sac.<\/p>\n","protected":false},"excerpt":{"rendered":"<p>Livr\u00e9 avec une bandouli\u00e8re \u00e0 la couleur du sac.<\/p>\n","protected":false},"featured_media":18,"template":"","meta":{"advanced_seo_description":"","jetpack_seo_html_title":"","jetpack_seo_noindex":false},"product_brand":[32],"product_cat":[45,41,19],"product_tag":[],"class_list":{"0":"post-17","1":"product","2":"type-product","3":"status-publish","4":"has-post-thumbnail","6":"product_brand-bamp34","7":"product_cat-accessoires","8":"product_cat-bamp34","9":"product_cat-femme","11":"first","12":"instock","13":"featured","14":"sold-individually","15":"shipping-taxable","16":"purchasable","17":"product-type-simple"},"jetpack_sharing_enabled":true,"_links":{"self":[{"href":"https:\/\/bamp34.net\/index.php\/wp-json\/wp\/v2\/product\/17","targetHints":{"allow":["GET"]}}],"collection":[{"href":"https:\/\/bamp34.net\/index.php\/wp-json\/wp\/v2\/product"}],"about":[{"href":"https:\/\/bamp34.net\/index.php\/wp-json\/wp\/v2\/types\/product"}],"wp:featuredmedia":[{"embeddable":true,"href":"https:\/\/bamp34.net\/index.php\/wp-json\/wp\/v2\/media\/18"}],"wp:attachment":[{"href":"https:\/\/bamp34.net\/index.php\/wp-json\/wp\/v2\/media?parent=17"}],"wp:term":[{"taxonomy":"product_brand","embeddable":true,"href":"https:\/\/bamp34.net\/index.php\/wp-json\/wp\/v2\/product_brand?post=17"},{"taxonomy":"product_cat","embeddable":true,"href":"https:\/\/bamp34.net\/index.php\/wp-json\/wp\/v2\/product_cat?post=17"},{"taxonomy":"product_tag","embeddable":true,"href":"https:\/\/bamp34.net\/index.php\/wp-json\/wp\/v2\/product_tag?post=17"}],"curies":[{"name":"wp","href":"https:\/\/api.w.org\/{rel}","templated":true}]}}