{"id":40,"date":"2026-02-15T16:14:40","date_gmt":"2026-02-15T16:14:40","guid":{"rendered":"https:\/\/bamp34.net\/?post_type=product&#038;p=40"},"modified":"2026-03-28T14:38:34","modified_gmt":"2026-03-28T14:38:34","slug":"mariniere-armorlux","status":"publish","type":"product","link":"https:\/\/bamp34.net\/index.php\/produit\/mariniere-armorlux\/","title":{"rendered":"Mariniere Armorlux"},"content":{"rendered":"<p><img fetchpriority=\"high\" decoding=\"async\" class=\"alignnone size-medium wp-image-44\" src=\"http:\/\/bamp34.net\/wp-content\/uploads\/2026\/02\/P1020954_DxO-300x169.jpg\" alt=\"\" width=\"300\" height=\"169\" srcset=\"https:\/\/bamp34.net\/wp-content\/uploads\/2026\/02\/P1020954_DxO-300x169.jpg 300w, https:\/\/bamp34.net\/wp-content\/uploads\/2026\/02\/P1020954_DxO-1024x576.jpg 1024w, https:\/\/bamp34.net\/wp-content\/uploads\/2026\/02\/P1020954_DxO-768x432.jpg 768w, https:\/\/bamp34.net\/wp-content\/uploads\/2026\/02\/P1020954_DxO-1536x864.jpg 1536w, https:\/\/bamp34.net\/wp-content\/uploads\/2026\/02\/P1020954_DxO-2048x1152.jpg 2048w, https:\/\/bamp34.net\/wp-content\/uploads\/2026\/02\/P1020954_DxO-1320x743.jpg 1320w, https:\/\/bamp34.net\/wp-content\/uploads\/2026\/02\/P1020954_DxO-600x338.jpg 600w\" sizes=\"(max-width: 300px) 100vw, 300px\" \/> <img decoding=\"async\" class=\"alignnone size-medium wp-image-43\" src=\"http:\/\/bamp34.net\/wp-content\/uploads\/2026\/02\/P1020952_DxO-172x300.jpg\" alt=\"\" width=\"172\" height=\"300\" srcset=\"https:\/\/bamp34.net\/wp-content\/uploads\/2026\/02\/P1020952_DxO-172x300.jpg 172w, https:\/\/bamp34.net\/wp-content\/uploads\/2026\/02\/P1020952_DxO-586x1024.jpg 586w, https:\/\/bamp34.net\/wp-content\/uploads\/2026\/02\/P1020952_DxO-768x1342.jpg 768w, https:\/\/bamp34.net\/wp-content\/uploads\/2026\/02\/P1020952_DxO-879x1536.jpg 879w, https:\/\/bamp34.net\/wp-content\/uploads\/2026\/02\/P1020952_DxO-1172x2048.jpg 1172w, https:\/\/bamp34.net\/wp-content\/uploads\/2026\/02\/P1020952_DxO-600x1048.jpg 600w, https:\/\/bamp34.net\/wp-content\/uploads\/2026\/02\/P1020952_DxO.jpg 1291w\" sizes=\"(max-width: 172px) 100vw, 172px\" \/> <img decoding=\"async\" class=\"alignnone size-medium wp-image-42\" src=\"http:\/\/bamp34.net\/wp-content\/uploads\/2026\/02\/P1020951_DxO-300x169.jpg\" alt=\"\" width=\"300\" height=\"169\" srcset=\"https:\/\/bamp34.net\/wp-content\/uploads\/2026\/02\/P1020951_DxO-300x169.jpg 300w, https:\/\/bamp34.net\/wp-content\/uploads\/2026\/02\/P1020951_DxO-1024x576.jpg 1024w, https:\/\/bamp34.net\/wp-content\/uploads\/2026\/02\/P1020951_DxO-768x432.jpg 768w, https:\/\/bamp34.net\/wp-content\/uploads\/2026\/02\/P1020951_DxO-1536x864.jpg 1536w, https:\/\/bamp34.net\/wp-content\/uploads\/2026\/02\/P1020951_DxO-2048x1152.jpg 2048w, https:\/\/bamp34.net\/wp-content\/uploads\/2026\/02\/P1020951_DxO-1320x743.jpg 1320w, https:\/\/bamp34.net\/wp-content\/uploads\/2026\/02\/P1020951_DxO-600x338.jpg 600w\" sizes=\"(max-width: 300px) 100vw, 300px\" \/> <img loading=\"lazy\" decoding=\"async\" class=\"alignnone size-medium wp-image-41\" src=\"http:\/\/bamp34.net\/wp-content\/uploads\/2026\/02\/P1020950_DxO-183x300.jpg\" alt=\"\" width=\"183\" height=\"300\" srcset=\"https:\/\/bamp34.net\/wp-content\/uploads\/2026\/02\/P1020950_DxO-183x300.jpg 183w, https:\/\/bamp34.net\/wp-content\/uploads\/2026\/02\/P1020950_DxO-624x1024.jpg 624w, https:\/\/bamp34.net\/wp-content\/uploads\/2026\/02\/P1020950_DxO-768x1259.jpg 768w, https:\/\/bamp34.net\/wp-content\/uploads\/2026\/02\/P1020950_DxO-937x1536.jpg 937w, https:\/\/bamp34.net\/wp-content\/uploads\/2026\/02\/P1020950_DxO-1249x2048.jpg 1249w, https:\/\/bamp34.net\/wp-content\/uploads\/2026\/02\/P1020950_DxO-1320x2165.jpg 1320w, https:\/\/bamp34.net\/wp-content\/uploads\/2026\/02\/P1020950_DxO-600x984.jpg 600w, https:\/\/bamp34.net\/wp-content\/uploads\/2026\/02\/P1020950_DxO-scaled.jpg 1561w\" sizes=\"(max-width: 183px) 100vw, 183px\" \/>+<\/p>\n<p>&nbsp;<\/p>\n<p>Magnifique marini\u00e8re Armorlux port\u00e9e 3 fois , \u00e9tat impeccable, aucun fil tir\u00e9. TAILLE 4<\/p>\n","protected":false},"excerpt":{"rendered":"<p>+ &nbsp; Magnifique marini\u00e8re Armorlux port\u00e9e 3 fois , \u00e9tat impeccable, aucun fil tir\u00e9. TAILLE 4<\/p>\n","protected":false},"featured_media":41,"template":"","meta":{"advanced_seo_description":"","jetpack_seo_html_title":"","jetpack_seo_noindex":false},"product_brand":[32],"product_cat":[20],"product_tag":[],"class_list":{"0":"post-40","1":"product","2":"type-product","3":"status-publish","4":"has-post-thumbnail","6":"product_brand-bamp34","7":"product_cat-homme","9":"first","10":"instock","11":"featured","12":"sold-individually","13":"shipping-taxable","14":"purchasable","15":"product-type-simple"},"jetpack_sharing_enabled":true,"_links":{"self":[{"href":"https:\/\/bamp34.net\/index.php\/wp-json\/wp\/v2\/product\/40","targetHints":{"allow":["GET"]}}],"collection":[{"href":"https:\/\/bamp34.net\/index.php\/wp-json\/wp\/v2\/product"}],"about":[{"href":"https:\/\/bamp34.net\/index.php\/wp-json\/wp\/v2\/types\/product"}],"wp:featuredmedia":[{"embeddable":true,"href":"https:\/\/bamp34.net\/index.php\/wp-json\/wp\/v2\/media\/41"}],"wp:attachment":[{"href":"https:\/\/bamp34.net\/index.php\/wp-json\/wp\/v2\/media?parent=40"}],"wp:term":[{"taxonomy":"product_brand","embeddable":true,"href":"https:\/\/bamp34.net\/index.php\/wp-json\/wp\/v2\/product_brand?post=40"},{"taxonomy":"product_cat","embeddable":true,"href":"https:\/\/bamp34.net\/index.php\/wp-json\/wp\/v2\/product_cat?post=40"},{"taxonomy":"product_tag","embeddable":true,"href":"https:\/\/bamp34.net\/index.php\/wp-json\/wp\/v2\/product_tag?post=40"}],"curies":[{"name":"wp","href":"https:\/\/api.w.org\/{rel}","templated":true}]}}